{"id":3708,"date":"2014-11-12T19:53:39","date_gmt":"2014-11-12T19:53:39","guid":{"rendered":"http:\/\/strategikconsulting.net\/?page_id=3708"},"modified":"2014-11-13T19:38:25","modified_gmt":"2014-11-13T19:38:25","slug":"aviso-legal","status":"publish","type":"page","link":"https:\/\/strategikconsulting.net\/?page_id=3708","title":{"rendered":"Aviso Legal"},"content":{"rendered":"<div class=\"sidebarContactContainer\">\n<div>\n<h4 class=\"contentSectionTitleWhite\">CONDICIONES DE USO<\/h4>\n<p>En cumplimiento de la Ley 34\/2002, de 11 de julio, de Servicios de la Sociedad de la Informaci\u00f3n y de Comercio Electr\u00f3nico (LSSI-CE), <strong><span class=\"Estilo7\">Strategik Consulting<\/span><\/strong> informa que es titular del sitio web <strong>www.strategikconsulting.net<\/strong>. De acuerdo con la exigencia del art\u00edculo 10 de la citada Ley, <strong><span class=\"Estilo7\">Strategik Consulting<\/span><\/strong> informa de los siguientes datos:<\/p>\n<\/div>\n<h4 class=\"contentSectionTitleWhite\">USUARIO Y R\u00c9GIMEN DE RESPONSABILIDADES<\/h4>\n<p>La navegaci\u00f3n, acceso y uso por el sitio web de <strong><span class=\"Estilo7\">Strategik Consulting<\/span><\/strong> confiere la condici\u00f3n de usuario, por la que se aceptan, desde la navegaci\u00f3n por el sitio web de <strong><span class=\"Estilo7\">Strategik Consulting<\/span><\/strong>, todas las condiciones de uso aqu\u00ed establecidas sin perjuicio de la aplicaci\u00f3n de la correspondiente normativa de obligado cumplimiento legal seg\u00fan el caso.<\/p>\n<p>El sitio web de <strong><span class=\"Estilo7\">Strategik Consulting<\/span><\/strong> proporciona gran diversidad de informaci\u00f3n, servicios y datos. El usuario asume su responsabilidad en el uso correcto del sitio web. Esta responsabilidad se extender\u00e1 a:<\/p>\n<p>&#8211; La veracidad y licitud de las informaciones aportadas por el usuario en los formularios extendidos por <strong><span class=\"Estilo7\">Strategik Consulting<\/span><\/strong> para el acceso a ciertos contenidos o servicios ofrecidos por el web.<\/p>\n<p>&#8211; El uso de la informaci\u00f3n, servicios y datos ofrecidos por <strong><span class=\"Estilo7\">Strategik Consulting<\/span><\/strong> contrariamente a lo dispuesto por las presentes condiciones, la Ley, la moral, las buenas costumbres o el orden p\u00fablico, o que de cualquier otro modo puedan suponer lesi\u00f3n de los derechos de terceros o del mismo funcionamiento del sitio web.<\/p>\n<h4 class=\"contentSectionTitleWhite\">POL\u00cdTICA DE ENLACES Y EXENCIONES DE RESPONSABILIDAD<\/h4>\n<p><strong><span class=\"Estilo7\">Strategik Consulting<\/span><\/strong> no se hace responsable del contenido de los sitios web a los que el usuario pueda acceder a trav\u00e9s de los enlaces establecidos en su sitio web y declara que en ning\u00fan caso proceder\u00e1 a examinar o ejercitar ning\u00fan tipo de control sobre el contenido de otros sitios de la red. Asimismo, tampoco garantizar\u00e1 la disponibilidad t\u00e9cnica, exactitud, veracidad, validez o legalidad de sitios ajenos a su propiedad a los que se pueda acceder por medio de los enlaces.<\/p>\n<p><strong><span class=\"Estilo7\">Strategik Consulting<\/span><\/strong> declara haber adoptado todas las medidas necesarias para evitar cualquier da\u00f1o a los usuarios de su sitio web, que pudieran derivarse de la navegaci\u00f3n por su sitio web. En consecuencia,<strong> <span class=\"Estilo7\">Strategik Consulting<\/span><\/strong> no se hace responsable, en ning\u00fan caso, de los eventuales da\u00f1os que por la navegaci\u00f3n por Internet pudiera sufrir el usuario.<\/p>\n<h4 class=\"contentSectionTitleWhite\">MODIFICACIONES<\/h4>\n<p><strong><span class=\"Estilo7\">Strategik Consulting<\/span><\/strong> se reserva el derecho a realizar las modificaciones que considere oportunas, sin aviso previo, en el contenido de su sitio web. Tanto en lo referente a los contenidos del sitio web, como en las condiciones de uso del mismo. Dichas modificaciones podr\u00e1n realizarse a trav\u00e9s de su sitio web por cualquier forma admisible en derecho y ser\u00e1n de obligado cumplimiento durante el tiempo en que se encuentren publicadas en la web y hasta que no sean modificadas v\u00e1lidamente por otras posteriores.<\/p>\n<h4 class=\"contentSectionTitleWhite\">PROPIEDAD INTELECTUAL E INDUSTRIAL<\/h4>\n<p><strong><span class=\"Estilo7\">Strategik Consulting<\/span><\/strong> por s\u00ed misma o como cesionaria, es titular de todos los derechos de propiedad intelectual e industrial de su p\u00e1gina web, as\u00ed como de los elementos contenidos en la misma (a t\u00edtulo enunciativo, im\u00e1genes, sonido, audio, v\u00eddeo, software o textos; marcas o logotipos, combinaciones de colores, estructura y dise\u00f1o, selecci\u00f3n de materiales usados, programas de ordenador necesarios para su funcionamiento, acceso y uso, etc.), titularidad de <strong><span class=\"Estilo7\">Strategik Consulting<\/span><\/strong>. Ser\u00e1n, por consiguiente, obras protegidas como propiedad intelectual por el ordenamiento jur\u00eddico espa\u00f1ol, si\u00e9ndoles aplicables tanto la normativa espa\u00f1ola y comunitaria en este campo, como los tratados internacionales relativos a la materia y suscritos por Espa\u00f1a.<\/p>\n<p>Todos los derechos reservados. En virtud de lo dispuesto en los art\u00edculos 8 y 32.1, p\u00e1rrafo segundo, de la Ley de Propiedad Intelectual, quedan expresamente prohibidas la reproducci\u00f3n, la distribuci\u00f3n y la comunicaci\u00f3n p\u00fablica, incluida su modalidad de puesta a disposici\u00f3n, de la totalidad o parte de los contenidos de esta p\u00e1gina web, con fines comerciales, en cualquier soporte y por cualquier medio t\u00e9cnico, sin la autorizaci\u00f3n de <strong><span class=\"Estilo7\">Strategik Consulting<\/span><\/strong>.<\/p>\n<p>El usuario se compromete a respetar los derechos de Propiedad Intelectual e Industrial titularidad de <strong><span class=\"Estilo7\">Strategik Consulting<\/span><\/strong>. Podr\u00e1 visualizar los elementos del portal e incluso imprimirlos, copiarlos y almacenarlos en el disco duro de su ordenador o en cualquier otro soporte f\u00edsico siempre y cuando sea, \u00fanica y exclusivamente, para su uso personal y privado. El usuario deber\u00e1 abstenerse de suprimir, alterar, eludir o manipular cualquier dispositivo de protecci\u00f3n o sistema de seguridad que estuviera instalado en las p\u00e1ginas de <strong><span class=\"Estilo7\">Strategik Consulting<\/span><\/strong>.<\/p>\n<h4 class=\"contentSectionTitleWhite\">ACCIONES LEGALES, LEGISLACI\u00d3N APLICABLE Y JURISDICCI\u00d3N<\/h4>\n<p><strong><span class=\"Estilo7\">Strategik Consulting<\/span><\/strong> se reserva, asimismo, la facultad de presentar las acciones civiles o penales que considere oportunas por la utilizaci\u00f3n indebida de su sitio web y contenidos, o por el incumplimiento de las presentes condiciones.<\/p>\n<p>La relaci\u00f3n entre el usuario y el prestador se regir\u00e1 por la normativa vigente y de aplicaci\u00f3n en el territorio espa\u00f1ol. De surgir cualquier controversia las partes podr\u00e1n someter sus conflictos a arbitraje o acudir a la jurisdicci\u00f3n ordinaria cumpliendo con las normas sobre jurisdicci\u00f3n y competencia al respecto.<\/p>\n<h4 class=\"contentSectionTitleWhite\">Cl\u00c1USULA PARA INTRODUCIR EN EL FORMULARIO WEB CON PUBLICIDAD<\/h4>\n<p>De conformidad con lo que establece la Ley Org\u00e1nica 15\/1999, de 13 de diciembre, de Protecci\u00f3n de Datos de Car\u00e1cter Personal, le informamos que sus datos ser\u00e1n incorporados a un fichero bajo la responsabilidad de <strong><span class=\"Estilo7\">Strategik Consulting<\/span><\/strong> con la finalidad de atender sus consultas.<br \/>\nPuede ejercer sus derechos de acceso, rectificaci\u00f3n, cancelaci\u00f3n y oposici\u00f3n mediante un escrito a nuestra direcci\u00f3n: <strong><a href=\"&quot;mailto:info@strategikconsulting.net\u201d\">info@strategikconsulting.net<\/a><\/strong><\/p>\n<p>Mientras no nos comunique lo contrario, entenderemos que sus datos no han sido modificados, que usted se compromete a notificarnos cualquier variaci\u00f3n y que contamos con su consentimiento para el tratamiento de los mismos.<\/p>\n<p>Asimismo y de acuerdo con lo establecido en la Ley 34\/2002, de 11 de julio, de Servicios de la Sociedad de la Informaci\u00f3n y de Comercio Electr\u00f3nico, en su art\u00edculo 21, solicitamos tambi\u00e9n su consentimiento expreso para enviarle publicidad de nuestros productos o promociones que consideremos puedan ser de su inter\u00e9s, por correo electr\u00f3nico o por cualquier otro medio de comunicaci\u00f3n electr\u00f3nica equivalente. <strong><a href=\"http:\/\/strategikconsulting.net\/?page_id=1167\">[Acceder a formulario]<\/a><\/strong>.<\/p>\n<p>\u25a1 He le\u00eddo y acepto recibir publicidad o informaci\u00f3n promocional de <strong><span class=\"Estilo7\">Strategik Consulting<\/span><\/strong>.<\/p>\n<p>\u25a1 He le\u00eddo y no acepto recibir publicidad o informaci\u00f3n promocional de <strong><span class=\"Estilo7\">Strategik Consulting<\/span><\/strong>.<\/p>\n<p>Le informamos que podr\u00e1 revocar en cualquier momento el consentimiento prestado a la recepci\u00f3n de comunicaciones comerciales enviando un e-mail a la direcci\u00f3n de correo electr\u00f3nico: <strong><a href=\"&quot;mailto:info@strategikconsulting.net\u201d\">info@strategikconsulting.net<\/a><\/strong><\/p>\n<p>El env\u00edo de estos datos implica la aceptaci\u00f3n de esta cl\u00e1usula.<\/p>\n<\/div>\n","protected":false},"excerpt":{"rendered":"<p>CONDICIONES DE USO En cumplimiento de la Ley 34\/2002, de 11 de julio, de Servicios de la Sociedad de la Informaci\u00f3n y de Comercio Electr\u00f3nico (LSSI-CE), Strategik Consulting informa que es titular del sitio web www.strategikconsulting.net. De acuerdo con la exigencia del art\u00edculo 10 de la citada Ley, Strategik Consulting informa de los siguientes datos: [&hellip;]<\/p>\n","protected":false},"author":1,"featured_media":0,"parent":0,"menu_order":0,"comment_status":"closed","ping_status":"open","template":"","meta":{"footnotes":""},"class_list":["post-3708","page","type-page","status-publish","hentry"],"yoast_head":"<!-- This site is optimized with the Yoast SEO plugin v27.2 - https:\/\/yoast.com\/product\/yoast-seo-wordpress\/ -->\n<title>Aviso Legal - Consultor\u00eda Estrat\u00e9gica<\/title>\n<meta name=\"robots\" content=\"index, follow, max-snippet:-1, max-image-preview:large, max-video-preview:-1\" \/>\n<link rel=\"canonical\" href=\"https:\/\/strategikconsulting.net\/?page_id=3708\" \/>\n<meta property=\"og:locale\" content=\"es_ES\" \/>\n<meta property=\"og:type\" content=\"article\" \/>\n<meta property=\"og:title\" content=\"Aviso Legal - Consultor\u00eda Estrat\u00e9gica\" \/>\n<meta property=\"og:description\" content=\"CONDICIONES DE USO En cumplimiento de la Ley 34\/2002, de 11 de julio, de Servicios de la Sociedad de la Informaci\u00f3n y de Comercio Electr\u00f3nico (LSSI-CE), Strategik Consulting informa que es titular del sitio web www.strategikconsulting.net. De acuerdo con la exigencia del art\u00edculo 10 de la citada Ley, Strategik Consulting informa de los siguientes datos: [&hellip;]\" \/>\n<meta property=\"og:url\" content=\"https:\/\/strategikconsulting.net\/?page_id=3708\" \/>\n<meta property=\"og:site_name\" content=\"Consultor\u00eda Estrat\u00e9gica\" \/>\n<meta property=\"article:modified_time\" content=\"2014-11-13T19:38:25+00:00\" \/>\n<meta name=\"twitter:card\" content=\"summary_large_image\" \/>\n<meta name=\"twitter:label1\" content=\"Tiempo de lectura\" \/>\n\t<meta name=\"twitter:data1\" content=\"6 minutos\" \/>\n<script type=\"application\/ld+json\" class=\"yoast-schema-graph\">{\"@context\":\"https:\/\/schema.org\",\"@graph\":[{\"@type\":\"WebPage\",\"@id\":\"https:\/\/strategikconsulting.net\/?page_id=3708\",\"url\":\"https:\/\/strategikconsulting.net\/?page_id=3708\",\"name\":\"Aviso Legal - Consultor\u00eda Estrat\u00e9gica\",\"isPartOf\":{\"@id\":\"https:\/\/strategikconsulting.net\/#website\"},\"datePublished\":\"2014-11-12T19:53:39+00:00\",\"dateModified\":\"2014-11-13T19:38:25+00:00\",\"breadcrumb\":{\"@id\":\"https:\/\/strategikconsulting.net\/?page_id=3708#breadcrumb\"},\"inLanguage\":\"es\",\"potentialAction\":[{\"@type\":\"ReadAction\",\"target\":[\"https:\/\/strategikconsulting.net\/?page_id=3708\"]}]},{\"@type\":\"BreadcrumbList\",\"@id\":\"https:\/\/strategikconsulting.net\/?page_id=3708#breadcrumb\",\"itemListElement\":[{\"@type\":\"ListItem\",\"position\":1,\"name\":\"Portada\",\"item\":\"https:\/\/strategikconsulting.net\/\"},{\"@type\":\"ListItem\",\"position\":2,\"name\":\"Aviso Legal\"}]},{\"@type\":\"WebSite\",\"@id\":\"https:\/\/strategikconsulting.net\/#website\",\"url\":\"https:\/\/strategikconsulting.net\/\",\"name\":\"Consultor\u00eda Estrat\u00e9gica\",\"description\":\"Pol\u00edtica, Jur\u00eddica &amp; Legal, Derechos Humanos, Propiedad Industrial, Dise\u00f1o &amp; Desarrollo Sostenible, Comunicaci\u00f3n Pol\u00edtica\",\"potentialAction\":[{\"@type\":\"SearchAction\",\"target\":{\"@type\":\"EntryPoint\",\"urlTemplate\":\"https:\/\/strategikconsulting.net\/?s={search_term_string}\"},\"query-input\":{\"@type\":\"PropertyValueSpecification\",\"valueRequired\":true,\"valueName\":\"search_term_string\"}}],\"inLanguage\":\"es\"}]}<\/script>\n<!-- \/ Yoast SEO plugin. -->","yoast_head_json":{"title":"Aviso Legal - Consultor\u00eda Estrat\u00e9gica","robots":{"index":"index","follow":"follow","max-snippet":"max-snippet:-1","max-image-preview":"max-image-preview:large","max-video-preview":"max-video-preview:-1"},"canonical":"https:\/\/strategikconsulting.net\/?page_id=3708","og_locale":"es_ES","og_type":"article","og_title":"Aviso Legal - Consultor\u00eda Estrat\u00e9gica","og_description":"CONDICIONES DE USO En cumplimiento de la Ley 34\/2002, de 11 de julio, de Servicios de la Sociedad de la Informaci\u00f3n y de Comercio Electr\u00f3nico (LSSI-CE), Strategik Consulting informa que es titular del sitio web www.strategikconsulting.net. De acuerdo con la exigencia del art\u00edculo 10 de la citada Ley, Strategik Consulting informa de los siguientes datos: [&hellip;]","og_url":"https:\/\/strategikconsulting.net\/?page_id=3708","og_site_name":"Consultor\u00eda Estrat\u00e9gica","article_modified_time":"2014-11-13T19:38:25+00:00","twitter_card":"summary_large_image","twitter_misc":{"Tiempo de lectura":"6 minutos"},"schema":{"@context":"https:\/\/schema.org","@graph":[{"@type":"WebPage","@id":"https:\/\/strategikconsulting.net\/?page_id=3708","url":"https:\/\/strategikconsulting.net\/?page_id=3708","name":"Aviso Legal - Consultor\u00eda Estrat\u00e9gica","isPartOf":{"@id":"https:\/\/strategikconsulting.net\/#website"},"datePublished":"2014-11-12T19:53:39+00:00","dateModified":"2014-11-13T19:38:25+00:00","breadcrumb":{"@id":"https:\/\/strategikconsulting.net\/?page_id=3708#breadcrumb"},"inLanguage":"es","potentialAction":[{"@type":"ReadAction","target":["https:\/\/strategikconsulting.net\/?page_id=3708"]}]},{"@type":"BreadcrumbList","@id":"https:\/\/strategikconsulting.net\/?page_id=3708#breadcrumb","itemListElement":[{"@type":"ListItem","position":1,"name":"Portada","item":"https:\/\/strategikconsulting.net\/"},{"@type":"ListItem","position":2,"name":"Aviso Legal"}]},{"@type":"WebSite","@id":"https:\/\/strategikconsulting.net\/#website","url":"https:\/\/strategikconsulting.net\/","name":"Consultor\u00eda Estrat\u00e9gica","description":"Pol\u00edtica, Jur\u00eddica &amp; Legal, Derechos Humanos, Propiedad Industrial, Dise\u00f1o &amp; Desarrollo Sostenible, Comunicaci\u00f3n Pol\u00edtica","potentialAction":[{"@type":"SearchAction","target":{"@type":"EntryPoint","urlTemplate":"https:\/\/strategikconsulting.net\/?s={search_term_string}"},"query-input":{"@type":"PropertyValueSpecification","valueRequired":true,"valueName":"search_term_string"}}],"inLanguage":"es"}]}},"_links":{"self":[{"href":"https:\/\/strategikconsulting.net\/index.php?rest_route=\/wp\/v2\/pages\/3708","targetHints":{"allow":["GET"]}}],"collection":[{"href":"https:\/\/strategikconsulting.net\/index.php?rest_route=\/wp\/v2\/pages"}],"about":[{"href":"https:\/\/strategikconsulting.net\/index.php?rest_route=\/wp\/v2\/types\/page"}],"author":[{"embeddable":true,"href":"https:\/\/strategikconsulting.net\/index.php?rest_route=\/wp\/v2\/users\/1"}],"replies":[{"embeddable":true,"href":"https:\/\/strategikconsulting.net\/index.php?rest_route=%2Fwp%2Fv2%2Fcomments&post=3708"}],"version-history":[{"count":0,"href":"https:\/\/strategikconsulting.net\/index.php?rest_route=\/wp\/v2\/pages\/3708\/revisions"}],"wp:attachment":[{"href":"https:\/\/strategikconsulting.net\/index.php?rest_route=%2Fwp%2Fv2%2Fmedia&parent=3708"}],"curies":[{"name":"wp","href":"https:\/\/api.w.org\/{rel}","templated":true}]}}