{"id":1302,"date":"2014-11-11T16:28:54","date_gmt":"2014-11-11T16:28:54","guid":{"rendered":"http:\/\/www.kriesi.at\/themes\/enfold\/?page_id=1302"},"modified":"2014-11-14T09:16:38","modified_gmt":"2014-11-14T09:16:38","slug":"services","status":"publish","type":"page","link":"https:\/\/strategikconsulting.net\/?page_id=1302","title":{"rendered":"SEDES"},"content":{"rendered":"<div id='layer_slider_1'  class='avia-layerslider main_color avia-shadow  avia-builder-el-0  el_before_av_codeblock  avia-builder-el-first  container_wrap sidebar_right'  style='height: 351px;'  ><div id=\"layerslider_3_16vukn85ort4c\" class=\"ls-wp-container fitvidsignore\" style=\"width:100%;height:350px;margin:0 auto;margin-bottom: 0px;\"><div class=\"ls-slide\" data-ls=\"duration:3000;transition2d:11,13,23;transition3d:all;\"><img loading=\"lazy\" decoding=\"async\" width=\"1600\" height=\"350\" src=\"https:\/\/strategikconsulting.net\/wp-content\/uploads\/2014\/11\/01_mapa_slider_strategik.jpg\" class=\"ls-bg\" alt=\"\" srcset=\"https:\/\/strategikconsulting.net\/wp-content\/uploads\/2014\/11\/01_mapa_slider_strategik.jpg 1600w, https:\/\/strategikconsulting.net\/wp-content\/uploads\/2014\/11\/01_mapa_slider_strategik-300x65.jpg 300w, https:\/\/strategikconsulting.net\/wp-content\/uploads\/2014\/11\/01_mapa_slider_strategik-1030x225.jpg 1030w, https:\/\/strategikconsulting.net\/wp-content\/uploads\/2014\/11\/01_mapa_slider_strategik-1500x328.jpg 1500w, https:\/\/strategikconsulting.net\/wp-content\/uploads\/2014\/11\/01_mapa_slider_strategik-705x154.jpg 705w, https:\/\/strategikconsulting.net\/wp-content\/uploads\/2014\/11\/01_mapa_slider_strategik-450x98.jpg 450w\" sizes=\"auto, (max-width: 1600px) 100vw, 1600px\" \/><img loading=\"lazy\" decoding=\"async\" width=\"1600\" height=\"350\" src=\"https:\/\/strategikconsulting.net\/wp-content\/uploads\/2014\/11\/02_mapa_slider_strategik.png\" class=\"ls-l\" alt=\"\" srcset=\"https:\/\/strategikconsulting.net\/wp-content\/uploads\/2014\/11\/02_mapa_slider_strategik.png 1600w, https:\/\/strategikconsulting.net\/wp-content\/uploads\/2014\/11\/02_mapa_slider_strategik-300x65.png 300w, https:\/\/strategikconsulting.net\/wp-content\/uploads\/2014\/11\/02_mapa_slider_strategik-1030x225.png 1030w, https:\/\/strategikconsulting.net\/wp-content\/uploads\/2014\/11\/02_mapa_slider_strategik-1500x328.png 1500w, https:\/\/strategikconsulting.net\/wp-content\/uploads\/2014\/11\/02_mapa_slider_strategik-705x154.png 705w, https:\/\/strategikconsulting.net\/wp-content\/uploads\/2014\/11\/02_mapa_slider_strategik-450x98.png 450w\" sizes=\"auto, (max-width: 1600px) 100vw, 1600px\" style=\"color:rgba(255, 255, 255, 0);background:rgba(255, 255, 255, 0);top:4px;left:-226px;\" data-ls=\"offsetxin:right;durationin:1500;delayin:300;easingin:easeOutQuint;fadein:false;scalexin:1.0;scaleyin:1.0;offsetxout:left;durationout:1400;fadeout:false;scalexout:1.0;scaleyout:1.0;parallaxlevel:0;\"><img loading=\"lazy\" decoding=\"async\" width=\"1600\" height=\"350\" src=\"https:\/\/strategikconsulting.net\/wp-content\/uploads\/2014\/11\/03_mapa_slider_strategik.png\" class=\"ls-l\" alt=\"\" srcset=\"https:\/\/strategikconsulting.net\/wp-content\/uploads\/2014\/11\/03_mapa_slider_strategik.png 1600w, https:\/\/strategikconsulting.net\/wp-content\/uploads\/2014\/11\/03_mapa_slider_strategik-300x65.png 300w, https:\/\/strategikconsulting.net\/wp-content\/uploads\/2014\/11\/03_mapa_slider_strategik-1030x225.png 1030w, https:\/\/strategikconsulting.net\/wp-content\/uploads\/2014\/11\/03_mapa_slider_strategik-1500x328.png 1500w, https:\/\/strategikconsulting.net\/wp-content\/uploads\/2014\/11\/03_mapa_slider_strategik-705x154.png 705w, https:\/\/strategikconsulting.net\/wp-content\/uploads\/2014\/11\/03_mapa_slider_strategik-450x98.png 450w\" sizes=\"auto, (max-width: 1600px) 100vw, 1600px\" style=\"background:rgba(0, 0, 0, 0);top:2px;left:-228px;\" data-ls=\"offsetxin:right;durationin:1500;delayin:500;easingin:easeOutQuint;fadein:false;scalexin:1.0;scaleyin:1.0;offsetxout:left;durationout:1200;fadeout:false;scalexout:1.0;scaleyout:1.0;parallaxlevel:0;\"><img loading=\"lazy\" decoding=\"async\" width=\"1600\" height=\"350\" src=\"https:\/\/strategikconsulting.net\/wp-content\/uploads\/2014\/11\/04_mapa_slider_strategik.png\" class=\"ls-l\" alt=\"\" srcset=\"https:\/\/strategikconsulting.net\/wp-content\/uploads\/2014\/11\/04_mapa_slider_strategik.png 1600w, https:\/\/strategikconsulting.net\/wp-content\/uploads\/2014\/11\/04_mapa_slider_strategik-300x65.png 300w, https:\/\/strategikconsulting.net\/wp-content\/uploads\/2014\/11\/04_mapa_slider_strategik-1030x225.png 1030w, https:\/\/strategikconsulting.net\/wp-content\/uploads\/2014\/11\/04_mapa_slider_strategik-1500x328.png 1500w, https:\/\/strategikconsulting.net\/wp-content\/uploads\/2014\/11\/04_mapa_slider_strategik-705x154.png 705w, https:\/\/strategikconsulting.net\/wp-content\/uploads\/2014\/11\/04_mapa_slider_strategik-450x98.png 450w\" sizes=\"auto, (max-width: 1600px) 100vw, 1600px\" style=\"top:2px;left:-229px;\" data-ls=\"offsetxin:right;durationin:1500;delayin:700;easingin:easeOutQuint;fadein:false;scalexin:1.0;scaleyin:1.0;offsetxout:left;durationout:800;fadeout:false;scalexout:1.0;scaleyout:1.0;parallaxlevel:0;\"><img loading=\"lazy\" decoding=\"async\" width=\"1600\" height=\"350\" src=\"https:\/\/strategikconsulting.net\/wp-content\/uploads\/2014\/11\/05_mapa_slider_strategik.png\" class=\"ls-l\" alt=\"\" srcset=\"https:\/\/strategikconsulting.net\/wp-content\/uploads\/2014\/11\/05_mapa_slider_strategik.png 1600w, https:\/\/strategikconsulting.net\/wp-content\/uploads\/2014\/11\/05_mapa_slider_strategik-300x65.png 300w, https:\/\/strategikconsulting.net\/wp-content\/uploads\/2014\/11\/05_mapa_slider_strategik-1030x225.png 1030w, https:\/\/strategikconsulting.net\/wp-content\/uploads\/2014\/11\/05_mapa_slider_strategik-1500x328.png 1500w, https:\/\/strategikconsulting.net\/wp-content\/uploads\/2014\/11\/05_mapa_slider_strategik-705x154.png 705w, https:\/\/strategikconsulting.net\/wp-content\/uploads\/2014\/11\/05_mapa_slider_strategik-450x98.png 450w\" sizes=\"auto, (max-width: 1600px) 100vw, 1600px\" style=\"top:0px;left:-226px;\" data-ls=\"offsetxin:right;durationin:1500;delayin:900;easingin:easeOutQuint;fadein:false;scalexin:1.0;scaleyin:1.0;offsetxout:left;durationout:800;fadeout:false;scalexout:1.0;scaleyout:1.0;parallaxlevel:0;\"><img loading=\"lazy\" decoding=\"async\" width=\"1600\" height=\"350\" src=\"https:\/\/strategikconsulting.net\/wp-content\/uploads\/2014\/11\/06_mapa_slider_strategik.png\" class=\"ls-l\" alt=\"\" srcset=\"https:\/\/strategikconsulting.net\/wp-content\/uploads\/2014\/11\/06_mapa_slider_strategik.png 1600w, https:\/\/strategikconsulting.net\/wp-content\/uploads\/2014\/11\/06_mapa_slider_strategik-300x65.png 300w, https:\/\/strategikconsulting.net\/wp-content\/uploads\/2014\/11\/06_mapa_slider_strategik-1030x225.png 1030w, https:\/\/strategikconsulting.net\/wp-content\/uploads\/2014\/11\/06_mapa_slider_strategik-1500x328.png 1500w, https:\/\/strategikconsulting.net\/wp-content\/uploads\/2014\/11\/06_mapa_slider_strategik-705x154.png 705w, https:\/\/strategikconsulting.net\/wp-content\/uploads\/2014\/11\/06_mapa_slider_strategik-450x98.png 450w\" sizes=\"auto, (max-width: 1600px) 100vw, 1600px\" style=\"top:0px;left:-226px;\" data-ls=\"offsetxin:right;durationin:1500;delayin:1100;easingin:easeOutQuint;fadein:false;scalexin:1.0;scaleyin:1.0;offsetxout:left;durationout:800;fadeout:false;scalexout:1.0;scaleyout:1.0;parallaxlevel:0;\"><img loading=\"lazy\" decoding=\"async\" width=\"1600\" height=\"350\" src=\"https:\/\/strategikconsulting.net\/wp-content\/uploads\/2014\/11\/07_mapa_slider_strategik1.png\" class=\"ls-l\" alt=\"\" srcset=\"https:\/\/strategikconsulting.net\/wp-content\/uploads\/2014\/11\/07_mapa_slider_strategik1.png 1600w, https:\/\/strategikconsulting.net\/wp-content\/uploads\/2014\/11\/07_mapa_slider_strategik1-300x65.png 300w, https:\/\/strategikconsulting.net\/wp-content\/uploads\/2014\/11\/07_mapa_slider_strategik1-1030x225.png 1030w, https:\/\/strategikconsulting.net\/wp-content\/uploads\/2014\/11\/07_mapa_slider_strategik1-1500x328.png 1500w, https:\/\/strategikconsulting.net\/wp-content\/uploads\/2014\/11\/07_mapa_slider_strategik1-705x154.png 705w, https:\/\/strategikconsulting.net\/wp-content\/uploads\/2014\/11\/07_mapa_slider_strategik1-450x98.png 450w\" sizes=\"auto, (max-width: 1600px) 100vw, 1600px\" style=\"top:176px;left:300px;\" data-ls=\"offsetxin:right;durationin:1500;delayin:700;easingin:easeOutQuint;fadein:false;scalexin:1.0;scaleyin:1.0;offsetxout:left;durationout:800;fadeout:false;scalexout:1.0;scaleyout:1.0;parallaxlevel:0;\"><img style=\"top:4px;left:-226px;\" class=\"ls-l\" data-ls=\"offsetxin:right;durationin:1500;delayin:800;easingin:easeOutQuint;fadein:false;scalexin:1.0;scaleyin:1.0;offsetxout:left;durationout:800;fadeout:false;scalexout:1.0;scaleyout:1.0;parallaxlevel:0;\"><img loading=\"lazy\" decoding=\"async\" width=\"1600\" height=\"350\" src=\"https:\/\/strategikconsulting.net\/wp-content\/uploads\/2014\/11\/09_mapa_slider_strategik.png\" class=\"ls-l\" alt=\"\" srcset=\"https:\/\/strategikconsulting.net\/wp-content\/uploads\/2014\/11\/09_mapa_slider_strategik.png 1600w, https:\/\/strategikconsulting.net\/wp-content\/uploads\/2014\/11\/09_mapa_slider_strategik-300x65.png 300w, https:\/\/strategikconsulting.net\/wp-content\/uploads\/2014\/11\/09_mapa_slider_strategik-1030x225.png 1030w, https:\/\/strategikconsulting.net\/wp-content\/uploads\/2014\/11\/09_mapa_slider_strategik-1500x328.png 1500w, https:\/\/strategikconsulting.net\/wp-content\/uploads\/2014\/11\/09_mapa_slider_strategik-705x154.png 705w, https:\/\/strategikconsulting.net\/wp-content\/uploads\/2014\/11\/09_mapa_slider_strategik-450x98.png 450w\" sizes=\"auto, (max-width: 1600px) 100vw, 1600px\" style=\"top:2px;left:-227px;\" data-ls=\"offsetxin:right;durationin:1500;delayin:900;easingin:easeOutQuint;fadein:false;scalexin:1.0;scaleyin:1.0;offsetxout:left;durationout:800;fadeout:false;scalexout:1.0;scaleyout:1.0;parallaxlevel:0;\"><img style=\"top:0px;left:-226px;\" class=\"ls-l\" data-ls=\"offsetxin:right;durationin:1500;delayin:1000;easingin:easeOutQuint;fadein:false;scalexin:1.0;scaleyin:1.0;offsetxout:left;durationout:800;fadeout:false;scalexout:1.0;scaleyout:1.0;parallaxlevel:0;\"><img style=\"top:0px;left:-226px;\" class=\"ls-l\" data-ls=\"offsetxin:right;durationin:1500;delayin:1200;easingin:easeOutQuint;fadein:false;scalexin:1.0;scaleyin:1.0;offsetxout:left;durationout:800;fadeout:false;scalexout:1.0;scaleyout:1.0;parallaxlevel:0;\"><img style=\"top:2px;left:-228px;\" class=\"ls-l\" data-ls=\"offsetxin:right;durationin:1500;delayin:800;easingin:easeOutQuint;fadein:false;scalexin:1.0;scaleyin:1.0;offsetxout:left;durationout:800;fadeout:false;scalexout:1.0;scaleyout:1.0;parallaxlevel:0;\"><img loading=\"lazy\" decoding=\"async\" width=\"164\" height=\"44\" src=\"https:\/\/strategikconsulting.net\/wp-content\/uploads\/2014\/11\/sedeCen.png\" class=\"ls-l\" alt=\"\" style=\"box-shadow: 10px 4px10px -5px black; text-shadow: none; font-weight: normal; opacity: .95; width:120px; text-align:center;color:rgba(255, 255, 255, 0.36);background:rgba(255, 255, 255, 0);top:131px;left:29px;\" data-ls=\"offsetyin:bottom;durationin:1500;delayin:1400;fadein:false;scalexin:1.0;scaleyin:1.0;offsetyout:bottom;durationout:900;fadeout:false;scalexout:1.0;scaleyout:1.0;parallaxlevel:0;\"><img loading=\"lazy\" decoding=\"async\" width=\"244\" height=\"44\" src=\"https:\/\/strategikconsulting.net\/wp-content\/uploads\/2014\/11\/sedeInt.png\" class=\"ls-l\" alt=\"\" style=\"box-shadow: 10px 4px10px -5px black; text-shadow: none; font-weight: normal; opacity: .95; width:180px; text-align:center;color:#325664;background:rgba(255, 255, 255, 0);top:211px;left:498px;\" data-ls=\"offsetxin:80;durationin:1500;delayin:1400;offsetxout:-80;durationout:400;parallaxlevel:0;\"><p style='font-style: italic; text-align:right; font-family: \"Times New Roman\", Times, serif;font-size:27px;color:#325664;background:rgba(255, 255, 255, 0);top:125px;left:748px;' class=\"ls-l\" data-ls=\"offsetxin:80;durationin:1500;delayin:1400;offsetxout:-80;durationout:1400;parallaxlevel:0;\">The forward thinking network<\/p><\/div><\/div><\/div><div id='after_layer_slider_1'  class='main_color av_default_container_wrap container_wrap sidebar_right'  ><div class='container av-section-cont-open' ><div class='template-page content  av-content-small alpha units'><div class='post-entry post-entry-type-page post-entry-1302'><div class='entry-content-wrapper clearfix'>\n\n","protected":false},"excerpt":{"rendered":"","protected":false},"author":1,"featured_media":0,"parent":0,"menu_order":0,"comment_status":"closed","ping_status":"closed","template":"","meta":{"footnotes":""},"class_list":["post-1302","page","type-page","status-publish","hentry"],"yoast_head":"<!-- This site is optimized with the Yoast SEO plugin v27.2 - https:\/\/yoast.com\/product\/yoast-seo-wordpress\/ -->\n<title>SEDES - Consultor\u00eda Estrat\u00e9gica<\/title>\n<meta name=\"description\" content=\"[av_layerslider id=&#039;3&#039;] [av_codeblock wrapper_element=&#039;&#039; wrapper_element_attributes=&#039;&#039;] \u00a0 La Red est\u00e1 formada por consultores que operan a trav\u00e9s de nuestras sedes, principalmente en Am\u00e9rica y Europa. \u00a0 Sede Central M\u00e9xico, D.F. Sedes&hellip;\" \/>\n<meta name=\"robots\" content=\"index, follow, max-snippet:-1, max-image-preview:large, max-video-preview:-1\" \/>\n<link rel=\"canonical\" href=\"https:\/\/strategikconsulting.net\/?page_id=1302\" \/>\n<meta property=\"og:locale\" content=\"es_ES\" \/>\n<meta property=\"og:type\" content=\"article\" \/>\n<meta property=\"og:title\" content=\"SEDES - Consultor\u00eda Estrat\u00e9gica\" \/>\n<meta property=\"og:url\" content=\"https:\/\/strategikconsulting.net\/?page_id=1302\" \/>\n<meta property=\"og:site_name\" content=\"Consultor\u00eda Estrat\u00e9gica\" \/>\n<meta property=\"article:modified_time\" content=\"2014-11-14T09:16:38+00:00\" \/>\n<meta name=\"twitter:card\" content=\"summary_large_image\" \/>\n<script type=\"application\/ld+json\" class=\"yoast-schema-graph\">{\"@context\":\"https:\/\/schema.org\",\"@graph\":[{\"@type\":\"WebPage\",\"@id\":\"https:\/\/strategikconsulting.net\/?page_id=1302\",\"url\":\"https:\/\/strategikconsulting.net\/?page_id=1302\",\"name\":\"SEDES - Consultor\u00eda Estrat\u00e9gica\",\"isPartOf\":{\"@id\":\"https:\/\/strategikconsulting.net\/#website\"},\"datePublished\":\"2014-11-11T16:28:54+00:00\",\"dateModified\":\"2014-11-14T09:16:38+00:00\",\"breadcrumb\":{\"@id\":\"https:\/\/strategikconsulting.net\/?page_id=1302#breadcrumb\"},\"inLanguage\":\"es\",\"potentialAction\":[{\"@type\":\"ReadAction\",\"target\":[\"https:\/\/strategikconsulting.net\/?page_id=1302\"]}]},{\"@type\":\"BreadcrumbList\",\"@id\":\"https:\/\/strategikconsulting.net\/?page_id=1302#breadcrumb\",\"itemListElement\":[{\"@type\":\"ListItem\",\"position\":1,\"name\":\"Portada\",\"item\":\"https:\/\/strategikconsulting.net\/\"},{\"@type\":\"ListItem\",\"position\":2,\"name\":\"SEDES\"}]},{\"@type\":\"WebSite\",\"@id\":\"https:\/\/strategikconsulting.net\/#website\",\"url\":\"https:\/\/strategikconsulting.net\/\",\"name\":\"Consultor\u00eda Estrat\u00e9gica\",\"description\":\"Pol\u00edtica, Jur\u00eddica &amp; Legal, Derechos Humanos, Propiedad Industrial, Dise\u00f1o &amp; Desarrollo Sostenible, Comunicaci\u00f3n Pol\u00edtica\",\"potentialAction\":[{\"@type\":\"SearchAction\",\"target\":{\"@type\":\"EntryPoint\",\"urlTemplate\":\"https:\/\/strategikconsulting.net\/?s={search_term_string}\"},\"query-input\":{\"@type\":\"PropertyValueSpecification\",\"valueRequired\":true,\"valueName\":\"search_term_string\"}}],\"inLanguage\":\"es\"}]}<\/script>\n<!-- \/ Yoast SEO plugin. -->","yoast_head_json":{"title":"SEDES - Consultor\u00eda Estrat\u00e9gica","description":"[av_layerslider id='3'] [av_codeblock wrapper_element='' wrapper_element_attributes=''] \u00a0 La Red est\u00e1 formada por consultores que operan a trav\u00e9s de nuestras sedes, principalmente en Am\u00e9rica y Europa. \u00a0 Sede Central M\u00e9xico, D.F. Sedes&hellip;","robots":{"index":"index","follow":"follow","max-snippet":"max-snippet:-1","max-image-preview":"max-image-preview:large","max-video-preview":"max-video-preview:-1"},"canonical":"https:\/\/strategikconsulting.net\/?page_id=1302","og_locale":"es_ES","og_type":"article","og_title":"SEDES - Consultor\u00eda Estrat\u00e9gica","og_url":"https:\/\/strategikconsulting.net\/?page_id=1302","og_site_name":"Consultor\u00eda Estrat\u00e9gica","article_modified_time":"2014-11-14T09:16:38+00:00","twitter_card":"summary_large_image","schema":{"@context":"https:\/\/schema.org","@graph":[{"@type":"WebPage","@id":"https:\/\/strategikconsulting.net\/?page_id=1302","url":"https:\/\/strategikconsulting.net\/?page_id=1302","name":"SEDES - Consultor\u00eda Estrat\u00e9gica","isPartOf":{"@id":"https:\/\/strategikconsulting.net\/#website"},"datePublished":"2014-11-11T16:28:54+00:00","dateModified":"2014-11-14T09:16:38+00:00","breadcrumb":{"@id":"https:\/\/strategikconsulting.net\/?page_id=1302#breadcrumb"},"inLanguage":"es","potentialAction":[{"@type":"ReadAction","target":["https:\/\/strategikconsulting.net\/?page_id=1302"]}]},{"@type":"BreadcrumbList","@id":"https:\/\/strategikconsulting.net\/?page_id=1302#breadcrumb","itemListElement":[{"@type":"ListItem","position":1,"name":"Portada","item":"https:\/\/strategikconsulting.net\/"},{"@type":"ListItem","position":2,"name":"SEDES"}]},{"@type":"WebSite","@id":"https:\/\/strategikconsulting.net\/#website","url":"https:\/\/strategikconsulting.net\/","name":"Consultor\u00eda Estrat\u00e9gica","description":"Pol\u00edtica, Jur\u00eddica &amp; Legal, Derechos Humanos, Propiedad Industrial, Dise\u00f1o &amp; Desarrollo Sostenible, Comunicaci\u00f3n Pol\u00edtica","potentialAction":[{"@type":"SearchAction","target":{"@type":"EntryPoint","urlTemplate":"https:\/\/strategikconsulting.net\/?s={search_term_string}"},"query-input":{"@type":"PropertyValueSpecification","valueRequired":true,"valueName":"search_term_string"}}],"inLanguage":"es"}]}},"_links":{"self":[{"href":"https:\/\/strategikconsulting.net\/index.php?rest_route=\/wp\/v2\/pages\/1302","targetHints":{"allow":["GET"]}}],"collection":[{"href":"https:\/\/strategikconsulting.net\/index.php?rest_route=\/wp\/v2\/pages"}],"about":[{"href":"https:\/\/strategikconsulting.net\/index.php?rest_route=\/wp\/v2\/types\/page"}],"author":[{"embeddable":true,"href":"https:\/\/strategikconsulting.net\/index.php?rest_route=\/wp\/v2\/users\/1"}],"replies":[{"embeddable":true,"href":"https:\/\/strategikconsulting.net\/index.php?rest_route=%2Fwp%2Fv2%2Fcomments&post=1302"}],"version-history":[{"count":0,"href":"https:\/\/strategikconsulting.net\/index.php?rest_route=\/wp\/v2\/pages\/1302\/revisions"}],"wp:attachment":[{"href":"https:\/\/strategikconsulting.net\/index.php?rest_route=%2Fwp%2Fv2%2Fmedia&parent=1302"}],"curies":[{"name":"wp","href":"https:\/\/api.w.org\/{rel}","templated":true}]}}