{"id":1248,"date":"2014-11-11T17:44:04","date_gmt":"2014-11-11T17:44:04","guid":{"rendered":"http:\/\/www.kriesi.at\/themes\/enfold\/?page_id=1248"},"modified":"2014-11-14T09:14:46","modified_gmt":"2014-11-14T09:14:46","slug":"politica-juridica-legal","status":"publish","type":"page","link":"https:\/\/strategikconsulting.net\/?page_id=1248","title":{"rendered":"POL\u00cdTICA, JUR\u00cdDICA &#038; LEGAL"},"content":{"rendered":"<div id='layer_slider_1'  class='avia-layerslider main_color avia-shadow  avia-builder-el-0  el_before_av_codeblock  avia-builder-el-first  container_wrap sidebar_right'  style='height: 351px;'  ><div id=\"layerslider_10_wxvqbdf6vb2v\" class=\"ls-wp-container fitvidsignore\" style=\"width:100%;height:350px;margin:0 auto;margin-bottom: 0px;\"><div class=\"ls-slide\" data-ls=\"duration:5000;transition2d:5;\"><img loading=\"lazy\" decoding=\"async\" width=\"1600\" height=\"350\" src=\"https:\/\/strategikconsulting.net\/wp-content\/uploads\/2014\/11\/06slider_strategik.jpg\" class=\"ls-bg\" alt=\"\" srcset=\"https:\/\/strategikconsulting.net\/wp-content\/uploads\/2014\/11\/06slider_strategik.jpg 1600w, https:\/\/strategikconsulting.net\/wp-content\/uploads\/2014\/11\/06slider_strategik-300x65.jpg 300w, https:\/\/strategikconsulting.net\/wp-content\/uploads\/2014\/11\/06slider_strategik-1030x225.jpg 1030w, https:\/\/strategikconsulting.net\/wp-content\/uploads\/2014\/11\/06slider_strategik-1500x328.jpg 1500w, https:\/\/strategikconsulting.net\/wp-content\/uploads\/2014\/11\/06slider_strategik-705x154.jpg 705w, https:\/\/strategikconsulting.net\/wp-content\/uploads\/2014\/11\/06slider_strategik-450x98.jpg 450w\" sizes=\"auto, (max-width: 1600px) 100vw, 1600px\" \/><h1 style=\"font-weight: normal; text-align:left; font-family: Helvetica;padding-top:10px;padding-right:43px;padding-bottom:10px;padding-left:10px;font-size:40px;color:#ffffff;background:rgba(255, 255, 255, 0);top:63px;left:68px;\" class=\"ls-l\" data-ls=\"offsetxin:left;delayin:1000;easingin:linear;fadein:false;scalexin:1.0;scaleyin:1.0;offsetxout:right;easingout:linear;fadeout:false;scalexout:1.0;scaleyout:1.0;parallaxlevel:0;\">Consultor\u00eda Estrat\u00e9gica<\/h1><h1 style=\"font-weight: bold; text-align:left; font-family: Helvetica;padding-top:10px;padding-right:10px;padding-bottom:10px;padding-left:10px;font-size:85px;color:#ffffff;background:rgba(255, 255, 255, 0);top:114px;left:65px;\" class=\"ls-l\" data-ls=\"offsetxin:left;delayin:1000;easingin:linear;fadein:false;scalexin:1.0;scaleyin:1.0;offsetxout:right;easingout:linear;fadeout:false;scalexout:1.0;scaleyout:1.0;parallaxlevel:0;\">Pol\u00edtica,<\/h1><h1 style=\"font-weight: bold; text-align:right; font-family: Helvetica;padding-top:10px;padding-right:10px;padding-bottom:10px;padding-left:3px;font-size:85px;color:#ffffff;background:rgba(255, 255, 255, 0);top:199px;left:69px;\" class=\"ls-l\" data-ls=\"offsetxin:left;delayin:1000;easingin:linear;fadein:false;scalexin:1.0;scaleyin:1.0;offsetxout:right;easingout:linear;fadeout:false;scalexout:1.0;scaleyout:1.0;parallaxlevel:0;\">Jur\u00eddica &amp; Legal<\/h1><p style='font-style: italic; text-align:right; font-family: \"Times New Roman\", Times, serif;padding-top:10px;padding-right:10px;padding-bottom:10px;padding-left:10px;font-size:20px;color:#ffffff;background:rgba(255, 255, 255, 0);top:16px;left:861px;' class=\"ls-l\" data-ls=\"offsetxin:left;delayin:1000;easingin:linear;fadein:false;scalexin:1.0;scaleyin:1.0;offsetxout:right;easingout:linear;fadeout:false;scalexout:1.0;scaleyout:1.0;parallaxlevel:0;\">The forward thinking network<\/p><\/div><div class=\"ls-slide\" data-ls=\"duration:5000;transition2d:5;\"><img loading=\"lazy\" decoding=\"async\" width=\"1600\" height=\"350\" src=\"https:\/\/strategikconsulting.net\/wp-content\/uploads\/2014\/11\/07slider_strategik.jpg\" class=\"ls-bg\" alt=\"\" srcset=\"https:\/\/strategikconsulting.net\/wp-content\/uploads\/2014\/11\/07slider_strategik.jpg 1600w, https:\/\/strategikconsulting.net\/wp-content\/uploads\/2014\/11\/07slider_strategik-300x65.jpg 300w, https:\/\/strategikconsulting.net\/wp-content\/uploads\/2014\/11\/07slider_strategik-1030x225.jpg 1030w, https:\/\/strategikconsulting.net\/wp-content\/uploads\/2014\/11\/07slider_strategik-1500x328.jpg 1500w, https:\/\/strategikconsulting.net\/wp-content\/uploads\/2014\/11\/07slider_strategik-705x154.jpg 705w, https:\/\/strategikconsulting.net\/wp-content\/uploads\/2014\/11\/07slider_strategik-450x98.jpg 450w\" sizes=\"auto, (max-width: 1600px) 100vw, 1600px\" \/><h1 style=\"font-weight: normal; text-align:left; font-family: Helvetica;padding-top:10px;padding-right:43px;padding-bottom:10px;padding-left:10px;font-size:40px;color:#ffffff;background:rgba(255, 255, 255, 0);top:63px;left:68px;\" class=\"ls-l\" data-ls=\"offsetxin:left;delayin:1000;easingin:linear;fadein:false;scalexin:1.0;scaleyin:1.0;offsetxout:right;easingout:linear;fadeout:false;scalexout:1.0;scaleyout:1.0;parallaxlevel:0;\">Consultor\u00eda Estrat\u00e9gica<\/h1><h1 style=\"font-weight: bold; text-align:left; font-family: Helvetica;padding-top:10px;padding-right:10px;padding-bottom:10px;padding-left:10px;font-size:85px;color:#ffffff;background:rgba(255, 255, 255, 0);top:114px;left:65px;\" class=\"ls-l\" data-ls=\"offsetxin:left;delayin:1000;easingin:linear;fadein:false;scalexin:1.0;scaleyin:1.0;offsetxout:right;easingout:linear;fadeout:false;scalexout:1.0;scaleyout:1.0;parallaxlevel:0;\">Derechos<\/h1><h1 style=\"font-weight: bold; text-align:right; font-family: Helvetica;padding-top:10px;padding-right:10px;padding-bottom:10px;padding-left:3px;font-size:85px;color:#ffffff;background:rgba(255, 255, 255, 0);top:199px;left:69px;\" class=\"ls-l\" data-ls=\"offsetxin:left;delayin:1000;easingin:linear;fadein:false;scalexin:1.0;scaleyin:1.0;offsetxout:right;easingout:linear;fadeout:false;scalexout:1.0;scaleyout:1.0;parallaxlevel:0;\">Humanos<\/h1><p style='font-style: italic; text-align:right; font-family: \"Times New Roman\", Times, serif;padding-top:10px;padding-right:10px;padding-bottom:10px;padding-left:10px;font-size:20px;color:#ffffff;background:rgba(255, 255, 255, 0);top:16px;left:861px;' class=\"ls-l\" data-ls=\"offsetxin:left;delayin:1000;easingin:linear;fadein:false;scalexin:1.0;scaleyin:1.0;offsetxout:right;easingout:linear;fadeout:false;scalexout:1.0;scaleyout:1.0;parallaxlevel:0;\">The forward thinking network<\/p><\/div><div class=\"ls-slide\" data-ls=\"duration:5000;transition2d:5;\"><img loading=\"lazy\" decoding=\"async\" width=\"1600\" height=\"350\" src=\"https:\/\/strategikconsulting.net\/wp-content\/uploads\/2014\/11\/08slider_strategik.jpg\" class=\"ls-bg\" alt=\"\" srcset=\"https:\/\/strategikconsulting.net\/wp-content\/uploads\/2014\/11\/08slider_strategik.jpg 1600w, https:\/\/strategikconsulting.net\/wp-content\/uploads\/2014\/11\/08slider_strategik-300x65.jpg 300w, https:\/\/strategikconsulting.net\/wp-content\/uploads\/2014\/11\/08slider_strategik-1030x225.jpg 1030w, https:\/\/strategikconsulting.net\/wp-content\/uploads\/2014\/11\/08slider_strategik-1500x328.jpg 1500w, https:\/\/strategikconsulting.net\/wp-content\/uploads\/2014\/11\/08slider_strategik-705x154.jpg 705w, https:\/\/strategikconsulting.net\/wp-content\/uploads\/2014\/11\/08slider_strategik-450x98.jpg 450w\" sizes=\"auto, (max-width: 1600px) 100vw, 1600px\" \/><h1 style=\"font-weight: normal; text-align:left; font-family: Helvetica;padding-top:10px;padding-right:43px;padding-bottom:10px;padding-left:10px;font-size:40px;color:#ffffff;background:rgba(255, 255, 255, 0);top:63px;left:68px;\" class=\"ls-l\" data-ls=\"offsetxin:left;delayin:1000;easingin:linear;fadein:false;scalexin:1.0;scaleyin:1.0;offsetxout:right;easingout:linear;fadeout:false;scalexout:1.0;scaleyout:1.0;parallaxlevel:0;\">Consultor\u00eda Estrat\u00e9gica<\/h1><h1 style=\"font-weight: bold; text-align:left; font-family: Helvetica;padding-top:10px;padding-right:10px;padding-bottom:10px;padding-left:10px;font-size:85px;color:#ffffff;background:rgba(255, 255, 255, 0);top:114px;left:65px;\" class=\"ls-l\" data-ls=\"offsetxin:left;delayin:1000;easingin:linear;fadein:false;scalexin:1.0;scaleyin:1.0;offsetxout:right;easingout:linear;fadeout:false;scalexout:1.0;scaleyout:1.0;parallaxlevel:0;\">Dise\u00f1o<\/h1><h1 style=\"font-weight: bold; text-align:right; font-family: Helvetica;padding-top:10px;padding-right:10px;padding-bottom:10px;padding-left:3px;font-size:85px;color:#ffffff;background:rgba(255, 255, 255, 0);top:199px;left:69px;\" class=\"ls-l\" data-ls=\"offsetxin:left;delayin:1000;easingin:linear;fadein:false;scalexin:1.0;scaleyin:1.0;offsetxout:right;easingout:linear;fadeout:false;scalexout:1.0;scaleyout:1.0;parallaxlevel:0;\">&amp; Desarrollo Sostenible<\/h1><p style='font-style: italic; text-align:right; font-family: \"Times New Roman\", Times, serif;padding-top:10px;padding-right:10px;padding-bottom:10px;padding-left:10px;font-size:20px;color:#ffffff;background:rgba(255, 255, 255, 0);top:16px;left:861px;' class=\"ls-l\" data-ls=\"offsetxin:left;delayin:1000;easingin:linear;fadein:false;scalexin:1.0;scaleyin:1.0;offsetxout:right;easingout:linear;fadeout:false;scalexout:1.0;scaleyout:1.0;parallaxlevel:0;\">The forward thinking network<\/p><\/div><div class=\"ls-slide\" data-ls=\"duration:5000;transition2d:5;\"><img loading=\"lazy\" decoding=\"async\" width=\"1600\" height=\"350\" src=\"https:\/\/strategikconsulting.net\/wp-content\/uploads\/2014\/11\/09slider_strategik.jpg\" class=\"ls-bg\" alt=\"\" srcset=\"https:\/\/strategikconsulting.net\/wp-content\/uploads\/2014\/11\/09slider_strategik.jpg 1600w, https:\/\/strategikconsulting.net\/wp-content\/uploads\/2014\/11\/09slider_strategik-300x65.jpg 300w, https:\/\/strategikconsulting.net\/wp-content\/uploads\/2014\/11\/09slider_strategik-1030x225.jpg 1030w, https:\/\/strategikconsulting.net\/wp-content\/uploads\/2014\/11\/09slider_strategik-1500x328.jpg 1500w, https:\/\/strategikconsulting.net\/wp-content\/uploads\/2014\/11\/09slider_strategik-705x154.jpg 705w, https:\/\/strategikconsulting.net\/wp-content\/uploads\/2014\/11\/09slider_strategik-450x98.jpg 450w\" sizes=\"auto, (max-width: 1600px) 100vw, 1600px\" \/><h1 style=\"font-weight: normal; text-align:left; font-family: Helvetica;padding-top:10px;padding-right:43px;padding-bottom:10px;padding-left:10px;font-size:40px;color:#ffffff;background:rgba(255, 255, 255, 0);top:63px;left:68px;\" class=\"ls-l\" data-ls=\"offsetxin:left;delayin:1000;easingin:linear;fadein:false;scalexin:1.0;scaleyin:1.0;offsetxout:right;easingout:linear;fadeout:false;scalexout:1.0;scaleyout:1.0;parallaxlevel:0;\">Consultor\u00eda Estrat\u00e9gica<\/h1><h1 style=\"font-weight: bold; text-align:left; font-family: Helvetica;padding-top:10px;padding-right:10px;padding-bottom:10px;padding-left:10px;font-size:85px;color:#ffffff;background:rgba(255, 255, 255, 0);top:114px;left:65px;\" class=\"ls-l\" data-ls=\"offsetxin:left;delayin:1000;easingin:linear;fadein:false;scalexin:1.0;scaleyin:1.0;offsetxout:right;easingout:linear;fadeout:false;scalexout:1.0;scaleyout:1.0;parallaxlevel:0;\">Comunicaci\u00f3n<\/h1><h1 style=\"font-weight: bold; text-align:right; font-family: Helvetica;padding-top:10px;padding-right:10px;padding-bottom:10px;padding-left:3px;font-size:85px;color:#ffffff;background:rgba(255, 255, 255, 0);top:199px;left:69px;\" class=\"ls-l\" data-ls=\"offsetxin:left;delayin:1000;easingin:linear;fadein:false;scalexin:1.0;scaleyin:1.0;offsetxout:right;easingout:linear;fadeout:false;scalexout:1.0;scaleyout:1.0;parallaxlevel:0;\">Pol\u00edtica<\/h1><p style='font-style: italic; text-align:right; font-family: \"Times New Roman\", Times, serif;padding-top:10px;padding-right:10px;padding-bottom:10px;padding-left:10px;font-size:20px;color:#ffffff;background:rgba(255, 255, 255, 0);top:16px;left:861px;' class=\"ls-l\" data-ls=\"offsetxin:left;delayin:1000;easingin:linear;fadein:false;scalexin:1.0;scaleyin:1.0;offsetxout:right;easingout:linear;fadeout:false;scalexout:1.0;scaleyout:1.0;parallaxlevel:0;\">The forward thinking network<\/p><\/div><\/div><\/div><div id='after_layer_slider_1'  class='main_color av_default_container_wrap container_wrap sidebar_right'  ><div class='container av-section-cont-open' ><div class='template-page content  av-content-small alpha units'><div class='post-entry post-entry-type-page post-entry-1248'><div class='entry-content-wrapper clearfix'>\n\n<div  class='flex_column av-av_one_full-2a9015ff38129c418a3f2eafba3e9512 av_one_full  avia-builder-el-2  el_after_av_codeblock  avia-builder-el-last  first flex_column_div  '     ><section  class='av_textblock_section av-av_textblock-0366cc7376be6c9e82a3e9cc8987b64f '   itemscope=\"itemscope\" itemtype=\"https:\/\/schema.org\/CreativeWork\" ><div class='avia_textblock'  itemprop=\"text\" ><h5><strong>Pol\u00edtica, Jur\u00eddica &amp; Legal<\/strong><br \/>\n<b><br \/>\n<\/b><\/h5>\n<h6><strong><span style=\"color: #636363;\">Cuestiones Constitucionales<\/span><\/strong><\/h6>\n<ul>\n<li>Asesoramiento para todo tipo de consultas constitucionales, tanto en cuestiones litigiosas privadas como p\u00fablicas.<\/li>\n<li>Asesor\u00eda para realizar reformas constitucionales, ya sea parciales o totales.<\/li>\n<\/ul>\n<h6><strong><span style=\"color: #636363;\">Iniciativas Legislativas<\/span><\/strong><\/h6>\n<ul>\n<li>Elaboraci\u00f3n de proyectos de Ley en tem\u00e1ticas relacionadas con cuestiones constitucionales, penales, civiles, administrativas, ambientales; de acuerdo a las necesidades y perfiles.<\/li>\n<\/ul>\n<h6><strong><span style=\"color: #636363;\">Temas Electorales<\/span><\/strong><\/h6>\n<ul>\n<li>Asesor\u00edas dirigidas a recomendar metodolog\u00edas para llevar a cabo procesos de reforma electoral.<\/li>\n<li>Detecci\u00f3n de t\u00f3picos problem\u00e1ticos seg\u00fan las distintas coyunturas particulares de cada pa\u00eds o regi\u00f3n.<\/li>\n<\/ul>\n<h6><strong><span style=\"color: #636363;\">Temas Pol\u00edticos<\/span><\/strong><\/h6>\n<ul>\n<li>Asesor\u00eda sobre c\u00f3mo proceder ante tem\u00e1ticas complejas de coyuntura pol\u00edtica, teniendo en cuenta las caracter\u00edsticas particulares de cada Estado.<\/li>\n<\/ul>\n<\/div><\/section><\/div>\n","protected":false},"excerpt":{"rendered":"","protected":false},"author":1,"featured_media":0,"parent":1236,"menu_order":0,"comment_status":"closed","ping_status":"closed","template":"","meta":{"footnotes":""},"class_list":["post-1248","page","type-page","status-publish","hentry"],"yoast_head":"<!-- This site is optimized with the Yoast SEO plugin v27.2 - https:\/\/yoast.com\/product\/yoast-seo-wordpress\/ -->\n<title>POL\u00cdTICA, JUR\u00cdDICA &amp; LEGAL - Consultor\u00eda Estrat\u00e9gica<\/title>\n<meta name=\"robots\" content=\"index, follow, max-snippet:-1, max-image-preview:large, max-video-preview:-1\" \/>\n<link rel=\"canonical\" href=\"https:\/\/strategikconsulting.net\/?page_id=1248\" \/>\n<meta property=\"og:locale\" content=\"es_ES\" \/>\n<meta property=\"og:type\" content=\"article\" \/>\n<meta property=\"og:title\" content=\"POL\u00cdTICA, JUR\u00cdDICA &amp; LEGAL - Consultor\u00eda Estrat\u00e9gica\" \/>\n<meta property=\"og:url\" content=\"https:\/\/strategikconsulting.net\/?page_id=1248\" \/>\n<meta property=\"og:site_name\" content=\"Consultor\u00eda Estrat\u00e9gica\" \/>\n<meta property=\"article:modified_time\" content=\"2014-11-14T09:14:46+00:00\" \/>\n<meta name=\"twitter:card\" content=\"summary_large_image\" \/>\n<meta name=\"twitter:label1\" content=\"Tiempo de lectura\" \/>\n\t<meta name=\"twitter:data1\" content=\"1 minuto\" \/>\n<script type=\"application\/ld+json\" class=\"yoast-schema-graph\">{\"@context\":\"https:\/\/schema.org\",\"@graph\":[{\"@type\":\"WebPage\",\"@id\":\"https:\/\/strategikconsulting.net\/?page_id=1248\",\"url\":\"https:\/\/strategikconsulting.net\/?page_id=1248\",\"name\":\"POL\u00cdTICA, JUR\u00cdDICA & LEGAL - Consultor\u00eda Estrat\u00e9gica\",\"isPartOf\":{\"@id\":\"https:\/\/strategikconsulting.net\/#website\"},\"datePublished\":\"2014-11-11T17:44:04+00:00\",\"dateModified\":\"2014-11-14T09:14:46+00:00\",\"breadcrumb\":{\"@id\":\"https:\/\/strategikconsulting.net\/?page_id=1248#breadcrumb\"},\"inLanguage\":\"es\",\"potentialAction\":[{\"@type\":\"ReadAction\",\"target\":[\"https:\/\/strategikconsulting.net\/?page_id=1248\"]}]},{\"@type\":\"BreadcrumbList\",\"@id\":\"https:\/\/strategikconsulting.net\/?page_id=1248#breadcrumb\",\"itemListElement\":[{\"@type\":\"ListItem\",\"position\":1,\"name\":\"Portada\",\"item\":\"https:\/\/strategikconsulting.net\/\"},{\"@type\":\"ListItem\",\"position\":2,\"name\":\"CONSULTING\",\"item\":\"https:\/\/strategikconsulting.net\/?page_id=1236\"},{\"@type\":\"ListItem\",\"position\":3,\"name\":\"POL\u00cdTICA, JUR\u00cdDICA &#038; LEGAL\"}]},{\"@type\":\"WebSite\",\"@id\":\"https:\/\/strategikconsulting.net\/#website\",\"url\":\"https:\/\/strategikconsulting.net\/\",\"name\":\"Consultor\u00eda Estrat\u00e9gica\",\"description\":\"Pol\u00edtica, Jur\u00eddica &amp; Legal, Derechos Humanos, Propiedad Industrial, Dise\u00f1o &amp; Desarrollo Sostenible, Comunicaci\u00f3n Pol\u00edtica\",\"potentialAction\":[{\"@type\":\"SearchAction\",\"target\":{\"@type\":\"EntryPoint\",\"urlTemplate\":\"https:\/\/strategikconsulting.net\/?s={search_term_string}\"},\"query-input\":{\"@type\":\"PropertyValueSpecification\",\"valueRequired\":true,\"valueName\":\"search_term_string\"}}],\"inLanguage\":\"es\"}]}<\/script>\n<!-- \/ Yoast SEO plugin. -->","yoast_head_json":{"title":"POL\u00cdTICA, JUR\u00cdDICA & LEGAL - Consultor\u00eda Estrat\u00e9gica","robots":{"index":"index","follow":"follow","max-snippet":"max-snippet:-1","max-image-preview":"max-image-preview:large","max-video-preview":"max-video-preview:-1"},"canonical":"https:\/\/strategikconsulting.net\/?page_id=1248","og_locale":"es_ES","og_type":"article","og_title":"POL\u00cdTICA, JUR\u00cdDICA & LEGAL - Consultor\u00eda Estrat\u00e9gica","og_url":"https:\/\/strategikconsulting.net\/?page_id=1248","og_site_name":"Consultor\u00eda Estrat\u00e9gica","article_modified_time":"2014-11-14T09:14:46+00:00","twitter_card":"summary_large_image","twitter_misc":{"Tiempo de lectura":"1 minuto"},"schema":{"@context":"https:\/\/schema.org","@graph":[{"@type":"WebPage","@id":"https:\/\/strategikconsulting.net\/?page_id=1248","url":"https:\/\/strategikconsulting.net\/?page_id=1248","name":"POL\u00cdTICA, JUR\u00cdDICA & LEGAL - Consultor\u00eda Estrat\u00e9gica","isPartOf":{"@id":"https:\/\/strategikconsulting.net\/#website"},"datePublished":"2014-11-11T17:44:04+00:00","dateModified":"2014-11-14T09:14:46+00:00","breadcrumb":{"@id":"https:\/\/strategikconsulting.net\/?page_id=1248#breadcrumb"},"inLanguage":"es","potentialAction":[{"@type":"ReadAction","target":["https:\/\/strategikconsulting.net\/?page_id=1248"]}]},{"@type":"BreadcrumbList","@id":"https:\/\/strategikconsulting.net\/?page_id=1248#breadcrumb","itemListElement":[{"@type":"ListItem","position":1,"name":"Portada","item":"https:\/\/strategikconsulting.net\/"},{"@type":"ListItem","position":2,"name":"CONSULTING","item":"https:\/\/strategikconsulting.net\/?page_id=1236"},{"@type":"ListItem","position":3,"name":"POL\u00cdTICA, JUR\u00cdDICA &#038; LEGAL"}]},{"@type":"WebSite","@id":"https:\/\/strategikconsulting.net\/#website","url":"https:\/\/strategikconsulting.net\/","name":"Consultor\u00eda Estrat\u00e9gica","description":"Pol\u00edtica, Jur\u00eddica &amp; Legal, Derechos Humanos, Propiedad Industrial, Dise\u00f1o &amp; Desarrollo Sostenible, Comunicaci\u00f3n Pol\u00edtica","potentialAction":[{"@type":"SearchAction","target":{"@type":"EntryPoint","urlTemplate":"https:\/\/strategikconsulting.net\/?s={search_term_string}"},"query-input":{"@type":"PropertyValueSpecification","valueRequired":true,"valueName":"search_term_string"}}],"inLanguage":"es"}]}},"_links":{"self":[{"href":"https:\/\/strategikconsulting.net\/index.php?rest_route=\/wp\/v2\/pages\/1248","targetHints":{"allow":["GET"]}}],"collection":[{"href":"https:\/\/strategikconsulting.net\/index.php?rest_route=\/wp\/v2\/pages"}],"about":[{"href":"https:\/\/strategikconsulting.net\/index.php?rest_route=\/wp\/v2\/types\/page"}],"author":[{"embeddable":true,"href":"https:\/\/strategikconsulting.net\/index.php?rest_route=\/wp\/v2\/users\/1"}],"replies":[{"embeddable":true,"href":"https:\/\/strategikconsulting.net\/index.php?rest_route=%2Fwp%2Fv2%2Fcomments&post=1248"}],"version-history":[{"count":0,"href":"https:\/\/strategikconsulting.net\/index.php?rest_route=\/wp\/v2\/pages\/1248\/revisions"}],"up":[{"embeddable":true,"href":"https:\/\/strategikconsulting.net\/index.php?rest_route=\/wp\/v2\/pages\/1236"}],"wp:attachment":[{"href":"https:\/\/strategikconsulting.net\/index.php?rest_route=%2Fwp%2Fv2%2Fmedia&parent=1248"}],"curies":[{"name":"wp","href":"https:\/\/api.w.org\/{rel}","templated":true}]}}